{"id":427,"date":"2024-04-30T19:07:12","date_gmt":"2024-04-30T19:07:12","guid":{"rendered":"https:\/\/tetofedokboltja.hu\/?post_type=product&#038;p=427"},"modified":"2025-04-03T08:02:26","modified_gmt":"2025-04-03T08:02:26","slug":"polikarbonat-solar","status":"publish","type":"product","link":"https:\/\/tetofedokboltja.hu\/?product=polikarbonat-solar","title":{"rendered":"Polikarbon\u00e1t &#8211; V\u00edztiszta &#8211; H\u0151t\u00fckr\u00f6s (Sol\u00e1r)"},"content":{"rendered":"<p><span style=\"font-weight: 400;\"><b>H\u0151t\u00fckr\u00f6s (Sol\u00e1r) V\u00edztiszta \u00dcregkamr\u00e1s Polikarbon\u00e1t<\/b><br \/>\nA sol\u00e1r polikarbon\u00e1tok sz\u00e1mos el\u0151nnyel rendelkeznek az egyszer\u0171 v\u00edztiszta, vagy a hagyom\u00e1nyos felmeleged\u00e9st g\u00e1tl\u00f3 polikarbon\u00e1tokhoz viszony\u00edtva. A f\u00e9ny\u00e1tereszt\u0151 anyaggal fedett teraszok, vagy t\u00e9likertek ny\u00e1ri felmeleged\u00e9s\u00e9t cs\u00f6kkent\u0151, sz\u00ednezett megold\u00e1sok jellemz\u0151en alacsonyabb f\u00e9ny\u00e1tereszt\u0151 k\u00e9pess\u00e9ggel rendelkeznek. A sol\u00e1r lemezek k\u00f6zel v\u00edztiszt\u00e1k, f\u00e9ny\u00e1tereszt\u0151 k\u00e9pess\u00e9g\u00fck pedig magas, ez\u00e9rt haszn\u00e1latukkal olyan fed\u00e9seket k\u00e9sz\u00edthet, amik a lehet\u0151 legt\u00f6bb f\u00e9nyt engedik \u00e1t, ugyanakkor ny\u00e1ron megakad\u00e1lyozz\u00e1k a terek t\u00falzott felmeleged\u00e9s\u00e9t.<\/span><\/p>\n<p>A sol\u00e1r lemezek bels\u0151 kialak\u00edt\u00e1sa a klasszikus, k\u00e9t kamrafalas megold\u00e1st k\u00f6veti. Az 1,7 kg\/m<sup>2<\/sup>-es term\u00e9ks\u00faly, \u00e9s az ebb\u0151l ad\u00f3d\u00f3 vastag k\u00fcls\u0151 k\u00e9rgek j\u00f3 id\u0151j\u00e1r\u00e1s- \u00e9s j\u00e9gver\u00e9s\u00e1ll\u00f3s\u00e1got biztos\u00edtanak. A lemezek mindk\u00e9t oldala UV v\u00e9dett.<br \/>\n<b><br \/>\nTerm\u00e9ks\u00faly: <\/b><span style=\"font-weight: 400;\">Kett\u0151sfal\u00fa sol\u00e1r lemezek s\u00falya 10mm: 1,7 kg\/m<sup>2<\/sup>, mely ipar\u00e1gi standardk\u00e9nt biztos\u00edtja a megfelel\u0151 id\u0151j\u00e1r\u00e1s- \u00e9s j\u00e9gver\u00e9s\u00e1ll\u00f3s\u00e1got. A 16 mm-es polikarbon\u00e1tok s\u00falya 2,4 kg\/m<sup>2<\/sup>.<\/span><\/p>\n<p><strong>H\u0151szigetel\u00e9s:<\/strong> H\u0151szigetel\u0151 k\u00e9pess\u00e9ge f\u00fcgg\u0151leges be\u00e9p\u00edt\u00e9s eset\u00e9n 3,0 W\/m<sup>2<\/sup>K, v\u00edzszintes be\u00e9p\u00edt\u00e9sn\u00e9l pedig 3,3 W\/m<sup>2<\/sup>K.<\/p>\n<p><strong>F\u00e9ny\u00e1tereszt\u00e9s: <\/strong>10 mm vastag sol\u00e1r lemez f\u00e9ny\u00e1tereszt\u0151 k\u00e9pess\u00e9ge 70%, m\u00edg a klasszikus v\u00edztiszta lemezek\u00e9 80%.<\/p>\n<p><strong>Teljes napenergia \u00e1tereszt\u00e9s: <\/strong>A teljes napenergia \u00e1tereszt\u00e9s, vagyis a &#8222;g&#8221; \u00e9rt\u00e9k a napf\u00e9ny \u00e1ltal a bels\u0151 t\u00e9rben okozhat\u00f3 felmeleged\u00e9sr\u0151l t\u00e1j\u00e9koztat. A 10 mm vastag sol\u00e1r lemezek &#8222;g&#8221; \u00e9rt\u00e9ke 60%, m\u00edg a v\u00edztiszt\u00e1k\u00e9 75%. A 16 mm-es v\u00e1ltozat &#8222;g&#8221; \u00e9rt\u00e9ke 44%.<\/p>\n<p><b>Haszn\u00e1lat: <\/b><span style=\"font-weight: 400;\">Ide\u00e1lis olyan helyekre, ahol a h\u0151m\u00e9rs\u00e9klet szab\u00e1lyoz\u00e1sa kiemelt fontoss\u00e1g\u00fa (pl.: t\u00e9likertek, teraszok, kocsibe\u00e1ll\u00f3k)<br \/>\n<\/span><\/p>\n<p><strong>Praktikus megold\u00e1s a f\u00e9ny\u00e1tereszt\u0151 fed\u00e9s \u00e9rdek\u00e9ben.<\/strong><\/p>\n<p><strong>UV v\u00e9delem<\/strong><\/p>\n<p><strong>Felhaszn\u00e1l\u00e1s:<\/strong><\/p>\n<ul>\n<li>teraszfed\u00e9s<\/li>\n<li>g\u00e9pkocsibe\u00e1ll\u00f3-fed\u00e9s<\/li>\n<li>bevil\u00e1g\u00edt\u00f3<\/li>\n<li>t\u00e9likert<\/li>\n<li>medencefed\u00e9s<\/li>\n<\/ul>\n<p><span style=\"font-weight: 400;\">Mi\u00e9rt \u00e9rdemes a polikarbon\u00e1t fed\u00e9st v\u00e1lasztani?<\/span><\/p>\n<p><span style=\"font-weight: 400;\">A polikarbon\u00e1t egyre n\u00e9pszer\u0171bb v\u00e1laszt\u00e1s az \u00e9p\u00edt\u0151ipari, \u00e1cs v\u00e1llalkoz\u00f3k k\u00f6r\u00e9ben \u00e9s nem v\u00e9letlen\u00fcl. Ez a sokoldal\u00fa \u00e9s strapab\u00edr\u00f3 anyag sz\u00e1mos el\u0151nnyel j\u00e1r:<\/span><\/p>\n<ul>\n<li style=\"font-weight: 400;\" aria-level=\"1\"><span style=\"font-weight: 400;\"><strong>Tart\u00f3ss\u00e1g \u00e9s Ellen\u00e1ll\u00e1s:<\/strong> A polikarbon\u00e1t rendk\u00edv\u00fcl ellen\u00e1ll\u00f3 az \u00fct\u00e9sekkel szemben, \u00edgy hossz\u00fat\u00e1von is megb\u00edzhat\u00f3 fed\u00e9st biztos\u00edt.<\/span><\/li>\n<li style=\"font-weight: 400;\" aria-level=\"1\"><span style=\"font-weight: 400;\"><strong>K\u00f6nny\u0171 kezelhet\u0151s\u00e9g:<\/strong> Mivel nincs nagy s\u00falya k\u00f6nnyen kezelhet\u0151 \u00e9s telep\u00edthet\u0151, ami id\u0151t \u00e9s energi\u00e1t takar\u00edt meg a telep\u00edt\u00e9s sor\u00e1n.<\/span><\/li>\n<li style=\"font-weight: 400;\" aria-level=\"1\"><span style=\"font-weight: 400;\"><strong>UV V\u00e9delem:<\/strong> Kiv\u00e1l\u00f3 UV-v\u00e9delmet ny\u00fajt, ami megakad\u00e1lyozza a k\u00e1ros sug\u00e1rz\u00e1s bejut\u00e1s\u00e1t, mik\u00f6zben \u00e1tengedi a term\u00e9szetes f\u00e9nyt.<\/span><\/li>\n<li style=\"font-weight: 400;\" aria-level=\"1\"><span style=\"font-weight: 400;\"><strong>H\u0151szigetel\u00e9s:<\/strong> J\u00f3 h\u0151szigetel\u0151 tulajdons\u00e1gokkal rendelkezik.<\/span><\/li>\n<li style=\"font-weight: 400;\" aria-level=\"1\"><span style=\"font-weight: 400;\"><strong>F\u00e9ny\u00e1tereszt\u0151s\u00e9g \u00e9s Eszt\u00e9tika:<\/strong> A polikarbon\u00e1t t\u00e1bl\u00e1k k\u00fcl\u00f6nb\u00f6z\u0151 sz\u00ednekben \u00e9s \u00e1tl\u00e1tsz\u00f3s\u00e1gi szintekben kaphat\u00f3k, \u00edgy k\u00f6nnyen beilleszthet\u0151k b\u00e1rmilyen \u00e9p\u00edt\u00e9szeti st\u00edlusba.<\/span><\/li>\n<\/ul>\n<p><span style=\"font-weight: 400;\">V\u00e1laszd ki a sz\u00e1modra legmegfelel\u0151bb polikarbon\u00e1t t\u00e1bl\u00e1t \u00e9s \u00e9lvezd a praktikus, eszt\u00e9tikus \u00e9s hossz\u00fa t\u00e1v\u00fa megold\u00e1st a tet\u0151fed\u00e9shez!\u00a0<\/span><\/p>\n<p><span style=\"font-weight: 400;\">Ha m\u00e9g bizonytalan vagy; l\u00e1togass el boltunkba \u00e9s k\u00e9rj tan\u00e1csot szak\u00e9rt\u0151inkt\u0151l vagy k\u00e9rj aj\u00e1nlatot e-mailben, hogy megtal\u00e1ld a t\u00f6k\u00e9letes fed\u00e9st a projektedhez!<\/span><\/p>\n","protected":false},"excerpt":{"rendered":"<p>Duplafal\u00fa, UV v\u00e9dett \u00fcregkamr\u00e1s polikarbon\u00e1t lap felmeleged\u00e9st g\u00e1tl\u00f3 kialak\u00edt\u00e1ssal.<\/p>\n<p><span class=\"torzskicsix\">Brutt\u00f3 \u00e1r:<\/span> 8 260<span class=\"torzskicsix\">\u00a0Ft\/m2 (10 mm)<\/span><\/p>\n<p>Brutt\u00f3 \u00e1r: 11 885 Ft\/m2 (16 mm)<\/p>\n<p><strong><span style=\"font-weight: 400;\"><strong>Jellemz\u0151k:<\/strong> A legnagyobb f\u00e9ny\u00e1tereszt\u00e9st biztos\u00edt\u00f3 t\u00e1bl\u00e1k.<br \/>\n<\/span>Haszn\u00e1lat: <span style=\"font-weight: 400;\">A sol\u00e1r lemezek k\u00f6zel v\u00edztiszt\u00e1k, f\u00e9ny\u00e1tereszt\u0151 k\u00e9pess\u00e9g\u00fck pedig magas, ez\u00e9rt haszn\u00e1latukkal olyan fed\u00e9seket k\u00e9sz\u00edthet, amik a lehet\u0151 legt\u00f6bb f\u00e9nyt engedik \u00e1t, ugyanakkor h\u0151t\u00fckr\u00f6s bevonatukkal megakad\u00e1lyozz\u00e1k a terek t\u00falzott felmeleged\u00e9s\u00e9t.<\/span><\/strong><\/p>\n<p><strong>2UV v\u00e9delem<\/strong><\/p>\n<p><strong><span class=\"torzskicsix\"><b> Polikarbon\u00e1t t\u00e1bl\u00e1inkat egyedi m\u00e9retre v\u00e1gjuk (cm). Eg\u00e9sz m\u00e9terben \u00e9rt\u00e9kes\u00edtj\u00fck.<br \/>\nRendelje meg standart t\u00e1blam\u00e9retben vagy k\u00e9rje szem\u00e9lyre szabott \u00e1raj\u00e1nlatunkat egyedi t\u00e1blam\u00e9ret eset\u00e9n!<\/b><\/span><\/strong><\/p>\n","protected":false},"featured_media":5334,"template":"","meta":{"site-sidebar-layout":"default","site-content-layout":"","ast-site-content-layout":"default","site-content-style":"default","site-sidebar-style":"default","ast-global-header-display":"","ast-banner-title-visibility":"","ast-main-header-display":"","ast-hfb-above-header-display":"","ast-hfb-below-header-display":"","ast-hfb-mobile-header-display":"","site-post-title":"","ast-breadcrumbs-content":"","ast-featured-img":"","footer-sml-layout":"","theme-transparent-header-meta":"default","adv-header-id-meta":"","stick-header-meta":"","header-above-stick-meta":"","header-main-stick-meta":"","header-below-stick-meta":"","astra-migrate-meta-layouts":"set","ast-page-background-enabled":"default","ast-page-background-meta":{"desktop":{"background-color":"var(--ast-global-color-4)","background-image":"","background-repeat":"repeat","background-position":"center center","background-size":"auto","background-attachment":"scroll","background-type":"","background-media":"","overlay-type":"","overlay-color":"","overlay-gradient":""},"tablet":{"background-color":"","background-image":"","background-repeat":"repeat","background-position":"center center","background-size":"auto","background-attachment":"scroll","background-type":"","background-media":"","overlay-type":"","overlay-color":"","overlay-gradient":""},"mobile":{"background-color":"","background-image":"","background-repeat":"repeat","background-position":"center center","background-size":"auto","background-attachment":"scroll","background-type":"","background-media":"","overlay-type":"","overlay-color":"","overlay-gradient":""}},"ast-content-background-meta":{"desktop":{"background-color":"var(--ast-global-color-5)","background-image":"","background-repeat":"repeat","background-position":"center center","background-size":"auto","background-attachment":"scroll","background-type":"","background-media":"","overlay-type":"","overlay-color":"","overlay-gradient":""},"tablet":{"background-color":"var(--ast-global-color-5)","background-image":"","background-repeat":"repeat","background-position":"center center","background-size":"auto","background-attachment":"scroll","background-type":"","background-media":"","overlay-type":"","overlay-color":"","overlay-gradient":""},"mobile":{"background-color":"var(--ast-global-color-5)","background-image":"","background-repeat":"repeat","background-position":"center center","background-size":"auto","background-attachment":"scroll","background-type":"","background-media":"","overlay-type":"","overlay-color":"","overlay-gradient":""}}},"product_cat":[24],"product_tag":[25],"class_list":{"0":"post-427","1":"product","2":"type-product","3":"status-publish","4":"has-post-thumbnail","6":"product_cat-polikarbonat","7":"product_tag-polikarbonat","8":"desktop-align-left","9":"tablet-align-left","10":"mobile-align-left","12":"first","13":"instock","14":"shipping-taxable","15":"purchasable","16":"product-type-variable"},"_links":{"self":[{"href":"https:\/\/tetofedokboltja.hu\/index.php?rest_route=\/wp\/v2\/product\/427","targetHints":{"allow":["GET"]}}],"collection":[{"href":"https:\/\/tetofedokboltja.hu\/index.php?rest_route=\/wp\/v2\/product"}],"about":[{"href":"https:\/\/tetofedokboltja.hu\/index.php?rest_route=\/wp\/v2\/types\/product"}],"wp:featuredmedia":[{"embeddable":true,"href":"https:\/\/tetofedokboltja.hu\/index.php?rest_route=\/wp\/v2\/media\/5334"}],"wp:attachment":[{"href":"https:\/\/tetofedokboltja.hu\/index.php?rest_route=%2Fwp%2Fv2%2Fmedia&parent=427"}],"wp:term":[{"taxonomy":"product_cat","embeddable":true,"href":"https:\/\/tetofedokboltja.hu\/index.php?rest_route=%2Fwp%2Fv2%2Fproduct_cat&post=427"},{"taxonomy":"product_tag","embeddable":true,"href":"https:\/\/tetofedokboltja.hu\/index.php?rest_route=%2Fwp%2Fv2%2Fproduct_tag&post=427"}],"curies":[{"name":"wp","href":"https:\/\/api.w.org\/{rel}","templated":true}]}}