{"id":5231,"date":"2024-10-09T10:21:20","date_gmt":"2024-10-09T10:21:20","guid":{"rendered":"https:\/\/tetofedokboltja.hu\/?post_type=product&#038;p=5231"},"modified":"2025-02-19T13:54:24","modified_gmt":"2025-02-19T13:54:24","slug":"f-profil","status":"publish","type":"product","link":"https:\/\/tetofedokboltja.hu\/?product=f-profil","title":{"rendered":"F-profil"},"content":{"rendered":"<p>Funkci\u00f3: Ha a t\u00e1bla lejt\u00e9s\u00e9vel megegyez\u0151 oldalon fallal \u00e9rintkezik a polikarbon\u00e1t, az F-profilt a falhoz lehet r\u00f6gz\u00edteni csavar seg\u00edts\u00e9g\u00e9vel. A polikarbon\u00e1t oldal\u00e1ra r\u00f6gz\u00edtve az F sz\u00e1r\u00e1val felfele megg\u00e1tolja, hogy a v\u00edz a tet\u0151 oldal\u00e1n lefolyjon.<\/p>\n","protected":false},"excerpt":{"rendered":"<p>Profil a polikarbon\u00e1t falhoz r\u00f6gz\u00edt\u00e9s\u00e9hez.<\/p>\n<p>Sz\u00e9less\u00e9g: 10mm | 16mm<br \/>\nHossz: 2,1m | 6,35m<\/p>\n<p><strong>Brutt\u00f3 \u00e1ra &#8211; 10mm: 2 210 Ft\/m<\/strong><br \/>\n<strong>Brutt\u00f3 \u00e1ra &#8211; 16mm: 2 985 Ft\/m<\/strong><\/p>\n","protected":false},"featured_media":5186,"template":"","meta":{"site-sidebar-layout":"default","site-content-layout":"","ast-site-content-layout":"default","site-content-style":"default","site-sidebar-style":"default","ast-global-header-display":"","ast-banner-title-visibility":"","ast-main-header-display":"","ast-hfb-above-header-display":"","ast-hfb-below-header-display":"","ast-hfb-mobile-header-display":"","site-post-title":"","ast-breadcrumbs-content":"","ast-featured-img":"","footer-sml-layout":"","theme-transparent-header-meta":"default","adv-header-id-meta":"","stick-header-meta":"","header-above-stick-meta":"","header-main-stick-meta":"","header-below-stick-meta":"","astra-migrate-meta-layouts":"set","ast-page-background-enabled":"default","ast-page-background-meta":{"desktop":{"background-color":"var(--ast-global-color-4)","background-image":"","background-repeat":"repeat","background-position":"center center","background-size":"auto","background-attachment":"scroll","background-type":"","background-media":"","overlay-type":"","overlay-color":"","overlay-gradient":""},"tablet":{"background-color":"","background-image":"","background-repeat":"repeat","background-position":"center center","background-size":"auto","background-attachment":"scroll","background-type":"","background-media":"","overlay-type":"","overlay-color":"","overlay-gradient":""},"mobile":{"background-color":"","background-image":"","background-repeat":"repeat","background-position":"center center","background-size":"auto","background-attachment":"scroll","background-type":"","background-media":"","overlay-type":"","overlay-color":"","overlay-gradient":""}},"ast-content-background-meta":{"desktop":{"background-color":"var(--ast-global-color-5)","background-image":"","background-repeat":"repeat","background-position":"center center","background-size":"auto","background-attachment":"scroll","background-type":"","background-media":"","overlay-type":"","overlay-color":"","overlay-gradient":""},"tablet":{"background-color":"var(--ast-global-color-5)","background-image":"","background-repeat":"repeat","background-position":"center center","background-size":"auto","background-attachment":"scroll","background-type":"","background-media":"","overlay-type":"","overlay-color":"","overlay-gradient":""},"mobile":{"background-color":"var(--ast-global-color-5)","background-image":"","background-repeat":"repeat","background-position":"center center","background-size":"auto","background-attachment":"scroll","background-type":"","background-media":"","overlay-type":"","overlay-color":"","overlay-gradient":""}}},"product_cat":[26],"product_tag":[],"class_list":{"0":"post-5231","1":"product","2":"type-product","3":"status-publish","4":"has-post-thumbnail","6":"product_cat-polikarbonat-tartozekok","7":"desktop-align-left","8":"tablet-align-left","9":"mobile-align-left","11":"first","12":"instock","13":"shipping-taxable","14":"purchasable","15":"product-type-variable"},"_links":{"self":[{"href":"https:\/\/tetofedokboltja.hu\/index.php?rest_route=\/wp\/v2\/product\/5231","targetHints":{"allow":["GET"]}}],"collection":[{"href":"https:\/\/tetofedokboltja.hu\/index.php?rest_route=\/wp\/v2\/product"}],"about":[{"href":"https:\/\/tetofedokboltja.hu\/index.php?rest_route=\/wp\/v2\/types\/product"}],"wp:featuredmedia":[{"embeddable":true,"href":"https:\/\/tetofedokboltja.hu\/index.php?rest_route=\/wp\/v2\/media\/5186"}],"wp:attachment":[{"href":"https:\/\/tetofedokboltja.hu\/index.php?rest_route=%2Fwp%2Fv2%2Fmedia&parent=5231"}],"wp:term":[{"taxonomy":"product_cat","embeddable":true,"href":"https:\/\/tetofedokboltja.hu\/index.php?rest_route=%2Fwp%2Fv2%2Fproduct_cat&post=5231"},{"taxonomy":"product_tag","embeddable":true,"href":"https:\/\/tetofedokboltja.hu\/index.php?rest_route=%2Fwp%2Fv2%2Fproduct_tag&post=5231"}],"curies":[{"name":"wp","href":"https:\/\/api.w.org\/{rel}","templated":true}]}}