{"id":5268,"date":"2025-02-20T09:20:13","date_gmt":"2025-02-20T09:20:13","guid":{"rendered":"https:\/\/tetofedokboltja.hu\/?post_type=product&#038;p=5268"},"modified":"2025-02-21T15:08:11","modified_gmt":"2025-02-21T15:08:11","slug":"falcsatlakozo-profil","status":"publish","type":"product","link":"https:\/\/tetofedokboltja.hu\/?product=falcsatlakozo-profil","title":{"rendered":"Falcsatlakoz\u00f3 profil"},"content":{"rendered":"<p>Funkci\u00f3: Nyeregtart\u00f3 profilall egy\u00fctt, falcsatlakoz\u00e1sok \u00e9p\u00edt\u00e9s\u00e9hez.<\/p>\n","protected":false},"excerpt":{"rendered":"<p>Falcsatlakoz\u00f3 profil polikarbon\u00e1t lemezhez.<\/p>\n<p>Sz\u00e9less\u00e9g: Egy m\u00e9ret (minden vatags\u00e1ghoz megfelel\u0151)<br \/>\nHossz: 1 fm | 2 fm | 3 fm | 4 fm | 5 fm | 6 fm<\/p>\n<p><span class=\"torzskicsix\"><b>Brutt\u00f3:<\/b><\/span> <strong>2 940<\/strong><span class=\"torzskicsix\"><b>\u00a0Ft\/fm<\/b><\/span><\/p>\n","protected":false},"featured_media":5744,"template":"","meta":{"site-sidebar-layout":"default","site-content-layout":"","ast-site-content-layout":"default","site-content-style":"default","site-sidebar-style":"default","ast-global-header-display":"","ast-banner-title-visibility":"","ast-main-header-display":"","ast-hfb-above-header-display":"","ast-hfb-below-header-display":"","ast-hfb-mobile-header-display":"","site-post-title":"","ast-breadcrumbs-content":"","ast-featured-img":"","footer-sml-layout":"","theme-transparent-header-meta":"default","adv-header-id-meta":"","stick-header-meta":"","header-above-stick-meta":"","header-main-stick-meta":"","header-below-stick-meta":"","astra-migrate-meta-layouts":"set","ast-page-background-enabled":"default","ast-page-background-meta":{"desktop":{"background-color":"var(--ast-global-color-4)","background-image":"","background-repeat":"repeat","background-position":"center center","background-size":"auto","background-attachment":"scroll","background-type":"","background-media":"","overlay-type":"","overlay-color":"","overlay-gradient":""},"tablet":{"background-color":"","background-image":"","background-repeat":"repeat","background-position":"center center","background-size":"auto","background-attachment":"scroll","background-type":"","background-media":"","overlay-type":"","overlay-color":"","overlay-gradient":""},"mobile":{"background-color":"","background-image":"","background-repeat":"repeat","background-position":"center center","background-size":"auto","background-attachment":"scroll","background-type":"","background-media":"","overlay-type":"","overlay-color":"","overlay-gradient":""}},"ast-content-background-meta":{"desktop":{"background-color":"var(--ast-global-color-5)","background-image":"","background-repeat":"repeat","background-position":"center center","background-size":"auto","background-attachment":"scroll","background-type":"","background-media":"","overlay-type":"","overlay-color":"","overlay-gradient":""},"tablet":{"background-color":"var(--ast-global-color-5)","background-image":"","background-repeat":"repeat","background-position":"center center","background-size":"auto","background-attachment":"scroll","background-type":"","background-media":"","overlay-type":"","overlay-color":"","overlay-gradient":""},"mobile":{"background-color":"var(--ast-global-color-5)","background-image":"","background-repeat":"repeat","background-position":"center center","background-size":"auto","background-attachment":"scroll","background-type":"","background-media":"","overlay-type":"","overlay-color":"","overlay-gradient":""}}},"product_cat":[16,26],"product_tag":[],"class_list":{"0":"post-5268","1":"product","2":"type-product","3":"status-publish","4":"has-post-thumbnail","6":"product_cat-egyeb","7":"product_cat-polikarbonat-tartozekok","8":"desktop-align-left","9":"tablet-align-left","10":"mobile-align-left","12":"first","13":"instock","14":"shipping-taxable","15":"purchasable","16":"product-type-variable"},"_links":{"self":[{"href":"https:\/\/tetofedokboltja.hu\/index.php?rest_route=\/wp\/v2\/product\/5268","targetHints":{"allow":["GET"]}}],"collection":[{"href":"https:\/\/tetofedokboltja.hu\/index.php?rest_route=\/wp\/v2\/product"}],"about":[{"href":"https:\/\/tetofedokboltja.hu\/index.php?rest_route=\/wp\/v2\/types\/product"}],"wp:featuredmedia":[{"embeddable":true,"href":"https:\/\/tetofedokboltja.hu\/index.php?rest_route=\/wp\/v2\/media\/5744"}],"wp:attachment":[{"href":"https:\/\/tetofedokboltja.hu\/index.php?rest_route=%2Fwp%2Fv2%2Fmedia&parent=5268"}],"wp:term":[{"taxonomy":"product_cat","embeddable":true,"href":"https:\/\/tetofedokboltja.hu\/index.php?rest_route=%2Fwp%2Fv2%2Fproduct_cat&post=5268"},{"taxonomy":"product_tag","embeddable":true,"href":"https:\/\/tetofedokboltja.hu\/index.php?rest_route=%2Fwp%2Fv2%2Fproduct_tag&post=5268"}],"curies":[{"name":"wp","href":"https:\/\/api.w.org\/{rel}","templated":true}]}}