{"id":5269,"date":"2024-06-10T08:50:49","date_gmt":"2024-06-10T08:50:49","guid":{"rendered":"https:\/\/tetofedokboltja.hu\/?post_type=product&#038;p=5269"},"modified":"2025-02-20T12:24:01","modified_gmt":"2025-02-20T12:24:01","slug":"polikarbonat-opal-viztukros-solar","status":"publish","type":"product","link":"https:\/\/tetofedokboltja.hu\/?product=polikarbonat-opal-viztukros-solar","title":{"rendered":"Polikarbon\u00e1t &#8211; Op\u00e1l &#8211; H\u0151t\u00fckr\u00f6s (Sol\u00e1r)"},"content":{"rendered":"<p><span style=\"font-weight: 400;\"><strong>H\u0151t\u00fckr\u00f6s (Sol\u00e1r) Op\u00e1l \u00dcregkamr\u00e1s Polikarbon\u00e1t<\/strong><\/span><\/p>\n<p><span style=\"font-weight: 400;\">A sol\u00e1r polikarbon\u00e1tok sz\u00e1mos el\u0151nnyel rendelkeznek az egyszer\u0171 v\u00edztiszta, vagy a hagyom\u00e1nyos felmeleged\u00e9st g\u00e1tl\u00f3 polikarbon\u00e1tokhoz viszony\u00edtva. A f\u00e9ny\u00e1tereszt\u0151 anyaggal fedett teraszok, vagy t\u00e9likertek ny\u00e1ri felmeleged\u00e9s\u00e9t cs\u00f6kkent\u0151, sz\u00ednezett megold\u00e1sok jellemz\u0151en alacsonyabb f\u00e9ny\u00e1tereszt\u0151 k\u00e9pess\u00e9ggel rendelkeznek.<\/span><\/p>\n<p><span style=\"font-weight: 400;\">A lemezek alapsz\u00edne az op\u00e1l, mely minden k\u00f6r\u00fclm\u00e9nyek k\u00f6z\u00f6tt egyenletes, sz\u00ednh\u0171 \u00e9s kellemes f\u00e9nyviszonyokat biztos\u00edt. H\u0151t\u00fckr\u00f6s bevonata a t\u00e9li-ny\u00e1ri nap\u00e1ll\u00e1st\u00f3l f\u00fcgg\u0151en vagy visszaveri, vagy \u00e1tengedi az infrav\u00f6r\u00f6s napsug\u00e1rz\u00e1st. \u00cdgy g\u00e1tolja meg ny\u00e1ron a t\u00falzott felmeleged\u00e9st \u00e9s seg\u00edti a t\u00e9li id\u0151szakban kihaszn\u00e1lni a ritka naps\u00fct\u00e9s felmeleg\u00edt\u0151 hat\u00e1s\u00e1t.<\/span><\/p>\n<p><span style=\"font-weight: 400;\"><br \/>\nMi\u00e9rt \u00e9rdemes a polikarbon\u00e1t fed\u00e9st v\u00e1lasztani?<\/span><\/p>\n<p><span style=\"font-weight: 400;\">A polikarbon\u00e1t egyre n\u00e9pszer\u0171bb v\u00e1laszt\u00e1s az \u00e9p\u00edt\u0151ipari, \u00e1cs v\u00e1llalkoz\u00f3k k\u00f6r\u00e9ben \u00e9s nem v\u00e9letlen\u00fcl. Ez a sokoldal\u00fa \u00e9s strapab\u00edr\u00f3 anyag sz\u00e1mos el\u0151nnyel j\u00e1r:<\/span><\/p>\n<ul>\n<li style=\"font-weight: 400;\" aria-level=\"1\"><strong>Kis term\u00e9ks\u00faly:<\/strong> az \u00fcregkamr\u00e1s polikarbon\u00e1t-lemezek s\u00falya jelent\u0151sen kisebb mint az \u00fcveg\u00e9, ez\u00e9rt a tart\u00f3szerkezeti ig\u00e9nye is kisebb. A polikarbon\u00e1tok k\u00f6nnyedebb, filigr\u00e1nabb tet\u0151k \u00e9p\u00edt\u00e9s\u00e9t teszik lehet\u0151v\u00e9, a ritk\u00e1bb al\u00e1t\u00e1maszt\u00e1si ig\u00e9ny pedig tov\u00e1bb cs\u00f6kkenti a tart\u00f3szerkezet \u00e9p\u00edt\u00e9s\u00e9nek k\u00f6lts\u00e9geit.<\/li>\n<li style=\"font-weight: 400;\" aria-level=\"1\"><strong>Kiv\u00e1l\u00f3 h\u0151szigetel\u00e9s:<\/strong> az \u00fcregkamr\u00e1s polikarbon\u00e1tok kiv\u00e1l\u00f3 h\u0151szigetel\u00e9ssel rendelkeznek, \u00e9ppen ez\u00e9rt a nagyobb vastags\u00e1gok t\u00f6k\u00e9letes v\u00e1laszt\u00e1sok lehetnek temper\u00e1lt, vagy f\u0171t\u00f6tt terek \u00e9p\u00edt\u00e9s\u00e9re.<\/li>\n<li style=\"font-weight: 400;\" aria-level=\"1\"><strong>F\u00e9nytereszt\u00e9s<\/strong>: f\u0151leg a sol\u00e1r, v\u00edztiszta \u00e9s az op\u00e1l sz\u00ednek, magas f\u00e9ny\u00e1tereszt\u00e9ssel rendelkeznek, ez\u00e9rt kiv\u00e1l\u00f3 v\u00e1laszt\u00e1sok olyan fed\u00e9sekhez, ahol lefedett ter\u00fclet m\u00f6g\u00f6tt\/alatt is elegend\u0151 f\u00e9nyt kell biztos\u00edtani.<\/li>\n<li style=\"font-weight: 400;\" aria-level=\"1\"><strong>\u00dct\u00e9s\u00e1ll\u00f3s\u00e1g<\/strong>: a polikarbon\u00e1t anyag gyakorlatilag t\u00f6rhetetlen. M\u00e1r a 10 mm vastags\u00e1g\u00fa lapok is j\u00f3l ellen\u00e1llnak a manaps\u00e1g egyre gyakrabban el\u0151fordul\u00f3, \u00e9s egyre hevesebb j\u00e9ges\u0151knek, de a vastagabb, 16 mm-es t\u00edpusok a kir\u00edv\u00f3an nagy \u00fct\u00e9seknek, ak\u00e1r a lehull\u00f3 fa\u00e1gaknak, vagy cser\u00e9pdaraboknak is ellen\u00e1llnak!<\/li>\n<li aria-level=\"1\"><strong>Karbantart\u00e1sig\u00e9ny:<\/strong> a szakszer\u0171en be\u00e9p\u00edtett polikarbon\u00e1t fed\u00e9sek karbantart\u00e1sig\u00e9nye csek\u00e9ly, gyakorlatilag gondoz\u00e1smentesek. A kisebb hajl\u00e1ssz\u00f6g\u0171 fed\u00e9sek eset\u00e9n n\u00e9ha sz\u00fcks\u00e9g lehet a tet\u0151 tiszt\u00edt\u00e1s\u00e1ra (pl. kerti slaggal), de az 5\u00b0 feletti lejt\u00e9sek eset\u00e9n m\u00e1r egy nagyobb es\u0151 is megfelel\u0151en tiszt\u00e1ntartja a fed\u00e9seket. A j\u00f3l megtervezett polikarbon\u00e1t fed\u00e9sek, az \u00fcveges szerkezetekkel ellent\u00e9tben nem ig\u00e9nyelnek keresztir\u00e1ny\u00fa leszor\u00edt\u00e1st, vagy told\u00e1sokat, \u00edgy az ezek m\u00f6g\u00f6tt mindig megjelen\u0151 kosszal sem kell sz\u00e1molni. Az alum\u00ednium be\u00e9p\u00edt\u00e9si profilok pedig nem korrod\u00e1lnak, \u00edgy sem festeni, sem cser\u00e9lni nem kell \u0151ket a teljes id\u0151tartam alatt.<\/li>\n<li style=\"font-weight: 400;\" aria-level=\"1\"><span style=\"font-weight: 400;\"><strong>Eszt\u00e9tika:<\/strong> A polikarbon\u00e1t t\u00e1bl\u00e1k k\u00fcl\u00f6nb\u00f6z\u0151 sz\u00ednekben \u00e9s \u00e1tl\u00e1tsz\u00f3s\u00e1gi szintekben kaphat\u00f3k, \u00edgy k\u00f6nnyen beilleszthet\u0151k b\u00e1rmilyen \u00e9p\u00edt\u00e9szeti st\u00edlusba.<\/span><\/li>\n<\/ul>\n<p><span style=\"font-weight: 400;\">V\u00e1laszd ki a sz\u00e1modra legmegfelel\u0151bb polikarbon\u00e1t t\u00e1bl\u00e1t \u00e9s \u00e9lvezd a praktikus, eszt\u00e9tikus \u00e9s hossz\u00fa t\u00e1v\u00fa megold\u00e1st a tet\u0151fed\u00e9shez!\u00a0<\/span><\/p>\n<p><span style=\"font-weight: 400;\">Ha m\u00e9g bizonytalan vagy; l\u00e1togass el boltunkba \u00e9s k\u00e9rj tan\u00e1csot szak\u00e9rt\u0151inkt\u0151l vagy k\u00e9rj aj\u00e1nlatot e-mailben, hogy megtal\u00e1ld a t\u00f6k\u00e9letes fed\u00e9st a projektedhez!<br \/>\n<strong>Felhaszn\u00e1l\u00e1si ter\u00fcletek:<\/strong><br \/>\n\u00edves fed\u00e9sek,<br \/>\ns\u00edk fed\u00e9sek,<br \/>\nbels\u0151\u00e9p\u00edt\u00e9szet,<br \/>\n\u00e9p\u00edt\u00e9szet,<br \/>\nteraszfed\u00e9s,<br \/>\nt\u00e9likert,<br \/>\nel\u0151tet\u0151,<br \/>\nmedencefed\u00e9s,<br \/>\nfel\u00fclvil\u00e1g\u00edt\u00f3,<br \/>\nbevil\u00e1g\u00edt\u00f3 s\u00e1v<\/span><\/p>\n<p><strong>Tulajdons\u00e1gok:<\/strong><br \/>\n\u00fct\u00e9s\u00e1ll\u00f3,<br \/>\nt\u00f6rhetetlen,<br \/>\nUV \u00e1ll\u00f3,<br \/>\nnem \u00e9gve csepeg\u0151,<br \/>\nid\u0151j\u00e1r\u00e1s\u00e1ll\u00f3,<br \/>\nj\u00e9gver\u00e9s\u00e1ll\u00f3<\/p>\n<p><strong>Megmunk\u00e1lhat\u00f3s\u00e1g:<\/strong><br \/>\nf\u0171r\u00e9szelhet\u0151,<br \/>\nf\u00farhat\u00f3,<br \/>\nhidegen hajl\u00edthat\u00f3<\/p>\n","protected":false},"excerpt":{"rendered":"<p><strong><span class=\"torzskicsix\"><b>Brutt\u00f3 \u00e1r:<\/b><\/span> 8 060<span class=\"torzskicsix\"><b>\u00a0Ft\/m2 (10mm)<br \/>\nBrutt\u00f3 \u00e1r: 11 685 Ft\/m2 (16mm)<br \/>\n<\/b><\/span><\/strong><\/p>\n<p><strong><span style=\"font-weight: 400;\"><strong>Jellemz\u0151k<\/strong>: Feh\u00e9r, tej\u00fcvegszer\u0171 megjelen\u00e9s, ami sz\u00f3rt f\u00e9nyt biztos\u00edt.<br \/>\n<\/span>Haszn\u00e1lat:\u00a0\u00a0<\/strong>Az op\u00e1l alapsz\u00edn \u00e1ltal biztos\u00edtott j\u00f3 f\u00e9ny\u00e1tereszt\u0151 k\u00e9pess\u00e9g mellett, a h\u0151t\u00fckr\u00f6s bevonatnak k\u00f6sz\u00f6nhet\u0151en rendk\u00edv\u00fcl j\u00f3 h\u0151\u00e1ll\u00f3 k\u00e9pess\u00e9ggel rendelkezik. Saj\u00e1toss\u00e1ga, hogy az infrasug\u00e1rz\u00e1st csak abban az esetben veri vissza, ha az nagy bees\u00e9si sz\u00f6gben \u00e9rkezik a t\u00e1bl\u00e1ra. \u00cdgy az \u0151szi\/t\u00e9li id\u0151szakban seg\u00edti, m\u00edg a tavaszi\/ny\u00e1ri id\u0151szakban cs\u00f6kkenti a lefedett terek felmeleged\u00e9s\u00e9nek m\u00e9rt\u00e9k\u00e9t.<\/p>\n<p><strong>Kiv\u00e1l\u00f3 v\u00e1laszt\u00e1s minden helysz\u00ednre!<\/strong><\/p>\n<p><strong>1UV v\u00e9delem<\/strong><\/p>\n<p><strong><span class=\"torzskicsix\"><b>Polikarbon\u00e1t t\u00e1bl\u00e1inkat egyedi m\u00e9retre v\u00e1gjuk (cm). Eg\u00e9sz m\u00e9terben \u00e9rt\u00e9kes\u00edtj\u00fck.<br \/>\nRendelje meg standart t\u00e1blam\u00e9retben vagy k\u00e9rje szem\u00e9lyre szabott \u00e1raj\u00e1nlatunkat egyedi t\u00e1blam\u00e9ret eset\u00e9n!<\/b><\/span><\/strong><\/p>\n","protected":false},"featured_media":5335,"template":"","meta":{"site-sidebar-layout":"default","site-content-layout":"","ast-site-content-layout":"default","site-content-style":"default","site-sidebar-style":"default","ast-global-header-display":"","ast-banner-title-visibility":"","ast-main-header-display":"","ast-hfb-above-header-display":"","ast-hfb-below-header-display":"","ast-hfb-mobile-header-display":"","site-post-title":"","ast-breadcrumbs-content":"","ast-featured-img":"","footer-sml-layout":"","theme-transparent-header-meta":"default","adv-header-id-meta":"","stick-header-meta":"","header-above-stick-meta":"","header-main-stick-meta":"","header-below-stick-meta":"","astra-migrate-meta-layouts":"set","ast-page-background-enabled":"default","ast-page-background-meta":{"desktop":{"background-color":"var(--ast-global-color-4)","background-image":"","background-repeat":"repeat","background-position":"center center","background-size":"auto","background-attachment":"scroll","background-type":"","background-media":"","overlay-type":"","overlay-color":"","overlay-gradient":""},"tablet":{"background-color":"","background-image":"","background-repeat":"repeat","background-position":"center center","background-size":"auto","background-attachment":"scroll","background-type":"","background-media":"","overlay-type":"","overlay-color":"","overlay-gradient":""},"mobile":{"background-color":"","background-image":"","background-repeat":"repeat","background-position":"center center","background-size":"auto","background-attachment":"scroll","background-type":"","background-media":"","overlay-type":"","overlay-color":"","overlay-gradient":""}},"ast-content-background-meta":{"desktop":{"background-color":"var(--ast-global-color-5)","background-image":"","background-repeat":"repeat","background-position":"center center","background-size":"auto","background-attachment":"scroll","background-type":"","background-media":"","overlay-type":"","overlay-color":"","overlay-gradient":""},"tablet":{"background-color":"var(--ast-global-color-5)","background-image":"","background-repeat":"repeat","background-position":"center center","background-size":"auto","background-attachment":"scroll","background-type":"","background-media":"","overlay-type":"","overlay-color":"","overlay-gradient":""},"mobile":{"background-color":"var(--ast-global-color-5)","background-image":"","background-repeat":"repeat","background-position":"center center","background-size":"auto","background-attachment":"scroll","background-type":"","background-media":"","overlay-type":"","overlay-color":"","overlay-gradient":""}}},"product_cat":[24],"product_tag":[25],"class_list":{"0":"post-5269","1":"product","2":"type-product","3":"status-publish","4":"has-post-thumbnail","6":"product_cat-polikarbonat","7":"product_tag-polikarbonat","8":"desktop-align-left","9":"tablet-align-left","10":"mobile-align-left","12":"first","13":"instock","14":"shipping-taxable","15":"purchasable","16":"product-type-variable"},"_links":{"self":[{"href":"https:\/\/tetofedokboltja.hu\/index.php?rest_route=\/wp\/v2\/product\/5269","targetHints":{"allow":["GET"]}}],"collection":[{"href":"https:\/\/tetofedokboltja.hu\/index.php?rest_route=\/wp\/v2\/product"}],"about":[{"href":"https:\/\/tetofedokboltja.hu\/index.php?rest_route=\/wp\/v2\/types\/product"}],"wp:featuredmedia":[{"embeddable":true,"href":"https:\/\/tetofedokboltja.hu\/index.php?rest_route=\/wp\/v2\/media\/5335"}],"wp:attachment":[{"href":"https:\/\/tetofedokboltja.hu\/index.php?rest_route=%2Fwp%2Fv2%2Fmedia&parent=5269"}],"wp:term":[{"taxonomy":"product_cat","embeddable":true,"href":"https:\/\/tetofedokboltja.hu\/index.php?rest_route=%2Fwp%2Fv2%2Fproduct_cat&post=5269"},{"taxonomy":"product_tag","embeddable":true,"href":"https:\/\/tetofedokboltja.hu\/index.php?rest_route=%2Fwp%2Fv2%2Fproduct_tag&post=5269"}],"curies":[{"name":"wp","href":"https:\/\/api.w.org\/{rel}","templated":true}]}}