{"id":6915,"date":"2025-02-26T13:00:53","date_gmt":"2025-02-26T13:00:53","guid":{"rendered":"https:\/\/tetofedokboltja.hu\/?post_type=product&#038;p=6915"},"modified":"2025-02-26T13:00:54","modified_gmt":"2025-02-26T13:00:54","slug":"kemenyszegely","status":"publish","type":"product","link":"https:\/\/tetofedokboltja.hu\/?product=kemenyszegely","title":{"rendered":"K\u00e9m\u00e9nyszeg\u00e9ly"},"content":{"rendered":"","protected":false},"excerpt":{"rendered":"<p><strong>K\u00e9m\u00e9nyszeg\u00e9ly<\/strong><\/p>\n<p>Eleje: 1fm (33cm)<br \/>\n<strong>H\u00e1ta:<\/strong> 1fm (33cm)<br \/>\n<strong>Komplett:<\/strong> 38&#215;38 \/ 38&#215;51 \/ 51&#215;51<\/p>\n<p><strong>Anyag:<\/strong> horganyzott, nat\u00far alum\u00ednium, sz\u00ednes alum\u00ednium<br \/>\n<strong>Sz\u00ednek:<\/strong> horganyzott | nat\u00far alum\u00ednium | piros (RAL 3016) | barna (RAL 8011) | antracit (RAL 7016) | bord\u00f3 (RAL 3009) | s\u00f6t\u00e9tez\u00fcst (RAL 9007) | n\u00e9gerbarna (RAL 8017) | vil\u00e1gosez\u00fcst (RAL 9006) | feh\u00e9r (RAL 9010) | cser\u00e9psz\u00edn (RAL 8004 | r\u00e9zbarna (RAL 8003) | k\u00e9k (RAL 5010) | z\u00f6ld (RAL 6000) | mohaz\u00f6ld (RAL 6005) | cinksz\u00fcrke (RAL 7042) | vil\u00e1gossz\u00fcrke (RAL 7005) | \u00e9benfekete (RAL 9005)<\/p>\n","protected":false},"featured_media":0,"template":"","meta":{"site-sidebar-layout":"default","site-content-layout":"","ast-site-content-layout":"default","site-content-style":"default","site-sidebar-style":"default","ast-global-header-display":"","ast-banner-title-visibility":"","ast-main-header-display":"","ast-hfb-above-header-display":"","ast-hfb-below-header-display":"","ast-hfb-mobile-header-display":"","site-post-title":"","ast-breadcrumbs-content":"","ast-featured-img":"","footer-sml-layout":"","theme-transparent-header-meta":"default","adv-header-id-meta":"","stick-header-meta":"","header-above-stick-meta":"","header-main-stick-meta":"","header-below-stick-meta":"","astra-migrate-meta-layouts":"set","ast-page-background-enabled":"default","ast-page-background-meta":{"desktop":{"background-color":"var(--ast-global-color-4)","background-image":"","background-repeat":"repeat","background-position":"center center","background-size":"auto","background-attachment":"scroll","background-type":"","background-media":"","overlay-type":"","overlay-color":"","overlay-gradient":""},"tablet":{"background-color":"","background-image":"","background-repeat":"repeat","background-position":"center center","background-size":"auto","background-attachment":"scroll","background-type":"","background-media":"","overlay-type":"","overlay-color":"","overlay-gradient":""},"mobile":{"background-color":"","background-image":"","background-repeat":"repeat","background-position":"center center","background-size":"auto","background-attachment":"scroll","background-type":"","background-media":"","overlay-type":"","overlay-color":"","overlay-gradient":""}},"ast-content-background-meta":{"desktop":{"background-color":"var(--ast-global-color-5)","background-image":"","background-repeat":"repeat","background-position":"center center","background-size":"auto","background-attachment":"scroll","background-type":"","background-media":"","overlay-type":"","overlay-color":"","overlay-gradient":""},"tablet":{"background-color":"var(--ast-global-color-5)","background-image":"","background-repeat":"repeat","background-position":"center center","background-size":"auto","background-attachment":"scroll","background-type":"","background-media":"","overlay-type":"","overlay-color":"","overlay-gradient":""},"mobile":{"background-color":"var(--ast-global-color-5)","background-image":"","background-repeat":"repeat","background-position":"center center","background-size":"auto","background-attachment":"scroll","background-type":"","background-media":"","overlay-type":"","overlay-color":"","overlay-gradient":""}}},"product_cat":[36],"product_tag":[],"class_list":{"0":"post-6915","1":"product","2":"type-product","3":"status-publish","5":"product_cat-badogos-termekek","6":"desktop-align-left","7":"tablet-align-left","8":"mobile-align-left","10":"first","11":"instock","12":"shipping-taxable","13":"purchasable","14":"product-type-variable"},"_links":{"self":[{"href":"https:\/\/tetofedokboltja.hu\/index.php?rest_route=\/wp\/v2\/product\/6915","targetHints":{"allow":["GET"]}}],"collection":[{"href":"https:\/\/tetofedokboltja.hu\/index.php?rest_route=\/wp\/v2\/product"}],"about":[{"href":"https:\/\/tetofedokboltja.hu\/index.php?rest_route=\/wp\/v2\/types\/product"}],"wp:attachment":[{"href":"https:\/\/tetofedokboltja.hu\/index.php?rest_route=%2Fwp%2Fv2%2Fmedia&parent=6915"}],"wp:term":[{"taxonomy":"product_cat","embeddable":true,"href":"https:\/\/tetofedokboltja.hu\/index.php?rest_route=%2Fwp%2Fv2%2Fproduct_cat&post=6915"},{"taxonomy":"product_tag","embeddable":true,"href":"https:\/\/tetofedokboltja.hu\/index.php?rest_route=%2Fwp%2Fv2%2Fproduct_tag&post=6915"}],"curies":[{"name":"wp","href":"https:\/\/api.w.org\/{rel}","templated":true}]}}